{"id":6840,"date":"2022-09-10T12:36:41","date_gmt":"2022-09-10T12:36:41","guid":{"rendered":"https:\/\/www.bordiniarredamenti.it\/ueber-uns\/"},"modified":"2025-08-23T12:38:25","modified_gmt":"2025-08-23T12:38:25","slug":"ueber-uns","status":"publish","type":"page","link":"https:\/\/www.bordiniarredamenti.it\/de\/ueber-uns\/","title":{"rendered":"\u00dcber uns"},"content":{"rendered":"\t\t<div data-elementor-type=\"wp-page\" data-elementor-id=\"6840\" class=\"elementor elementor-6840 elementor-1633\">\n\t\t\t\t<div class=\"elementor-element elementor-element-be2a19c elementor-hidden-tablet elementor-hidden-mobile e-flex e-con-boxed lakit-col-width-auto-no e-container e-root-container elementor-top-section e-con e-parent\" data-id=\"be2a19c\" data-element_type=\"container\" data-settings=\"{&quot;background_background&quot;:&quot;classic&quot;}\">\n\t\t\t\t\t<div class=\"e-con-inner\">\n\t\t<div class=\"elementor-element elementor-element-c3fd2fb e-con-full e-flex lakit-col-width-auto-no elementor-invisible e-container e-con e-child\" data-id=\"c3fd2fb\" data-element_type=\"container\" data-settings=\"{&quot;animation&quot;:&quot;lakitShortFadeInUp&quot;,&quot;animation_delay&quot;:200,&quot;background_background&quot;:&quot;classic&quot;}\">\n\t\t\t\t<div class=\"elementor-element elementor-element-b194b9d elementor-widget elementor-widget-heading\" data-id=\"b194b9d\" data-element_type=\"widget\" data-widget_type=\"heading.default\">\n\t\t\t\t<div class=\"elementor-widget-container\">\n\t\t\t\t\t<h2 class=\"elementor-heading-title elementor-size-default\">DIE URSPR\u00dcNGE<\/h2>\t\t\t\t<\/div>\n\t\t\t\t<\/div>\n\t\t\t\t<div class=\"elementor-element elementor-element-d1d5b5e elementor-widget elementor-widget-text-editor\" data-id=\"d1d5b5e\" data-element_type=\"widget\" data-widget_type=\"text-editor.default\">\n\t\t\t\t<div class=\"elementor-widget-container\">\n\t\t\t\t\t\t\t\t\t<p>Das 1974 von Sergio Bordini als Handwerksbetrieb gegr\u00fcndete Unternehmen Bordini Arredamenti begann seine Reise mit der Herstellung hochwertiger M\u00f6bel aus amerikanischem Kirschholz und Mahagoni f\u00fcr den franz\u00f6sischen und englischen Markt. Im Laufe der Jahre hat sich das Unternehmen dank der Zusammenarbeit mit gro\u00dfen Marken der Branche und Architekturb\u00fcros weiterentwickelt, seine handwerklichen F\u00e4higkeiten konsolidiert und seine Pr\u00e4senz in der Welt des Designs ausgebaut. <\/p><p>Seit 2015, mit dem Eintritt von Gianluca, hat die zweite Generation neue Ideen und ein erneuertes Engagement mitgebracht und die Leidenschaft f\u00fcr Holz und die Liebe zum Detail am Leben erhalten. Bordini Arredamenti hat seinen Sitz in Nogara, in der Provinz Verona, und verbindet traditionelle Handwerkskunst mit den modernsten Technologien, um ma\u00dfgefertigte und Design-M\u00f6bell\u00f6sungen f\u00fcr italienische und internationale Kunden anzubieten. <\/p>\t\t\t\t\t\t\t\t<\/div>\n\t\t\t\t<\/div>\n\t\t\t\t<\/div>\n\t\t<div class=\"elementor-element elementor-element-05e6b2f e-con-full e-flex lakit-col-width-auto-no elementor-invisible e-container e-con e-child\" data-id=\"05e6b2f\" data-element_type=\"container\" data-settings=\"{&quot;animation&quot;:&quot;lakitShortFadeInUp&quot;,&quot;animation_delay&quot;:200,&quot;background_background&quot;:&quot;classic&quot;}\">\n\t\t\t\t<div class=\"elementor-element elementor-element-68da27e widget_full_right elementor-widget elementor-widget-spacer\" data-id=\"68da27e\" data-element_type=\"widget\" data-widget_type=\"spacer.default\">\n\t\t\t\t<div class=\"elementor-widget-container\">\n\t\t\t\t\t\t\t<div class=\"elementor-spacer\">\n\t\t\t<div class=\"elementor-spacer-inner\"><\/div>\n\t\t<\/div>\n\t\t\t\t\t\t<\/div>\n\t\t\t\t<\/div>\n\t\t\t\t<\/div>\n\t\t\t\t\t<\/div>\n\t\t\t\t<\/div>\n\t\t<div class=\"elementor-element elementor-element-1cfe29c elementor-hidden-tablet elementor-hidden-mobile e-flex e-con-boxed lakit-col-width-auto-no e-container e-root-container elementor-top-section e-con e-parent\" data-id=\"1cfe29c\" data-element_type=\"container\" data-settings=\"{&quot;background_background&quot;:&quot;classic&quot;}\">\n\t\t\t\t\t<div class=\"e-con-inner\">\n\t\t\t\t<div class=\"elementor-element elementor-element-6db7cf9 elementor-widget elementor-widget-heading\" data-id=\"6db7cf9\" data-element_type=\"widget\" data-widget_type=\"heading.default\">\n\t\t\t\t<div class=\"elementor-widget-container\">\n\t\t\t\t\t<h2 class=\"elementor-heading-title elementor-size-default\">UNSER UNTERNEHMEN<\/h2>\t\t\t\t<\/div>\n\t\t\t\t<\/div>\n\t\t\t\t<div class=\"elementor-element elementor-element-37c36df elementor-widget__width-inherit elementor-widget elementor-widget-video\" data-id=\"37c36df\" data-element_type=\"widget\" data-settings=\"{&quot;video_type&quot;:&quot;hosted&quot;,&quot;autoplay&quot;:&quot;yes&quot;}\" data-widget_type=\"video.default\">\n\t\t\t\t<div class=\"elementor-widget-container\">\n\t\t\t\t\t\t\t<div class=\"e-hosted-video elementor-wrapper elementor-open-inline\">\n\t\t\t\t\t<video class=\"elementor-video\" src=\"https:\/\/www.bordiniarredamenti.it\/wp-content\/uploads\/2024\/11\/Video-aziendale_horizontal.mp4\" autoplay=\"\" controlsList=\"nodownload\"><\/video>\n\t\t\t\t<\/div>\n\t\t\t\t\t\t<\/div>\n\t\t\t\t<\/div>\n\t\t\t\t<div class=\"elementor-element elementor-element-c5cb95f elementor-widget elementor-widget-text-editor\" data-id=\"c5cb95f\" data-element_type=\"widget\" data-widget_type=\"text-editor.default\">\n\t\t\t\t<div class=\"elementor-widget-container\">\n\t\t\t\t\t\t\t\t\t<p>Heute kreieren wir dank der Synergie unseres Teams aus erfahrenen Schreinern, Technikern und jungen Handwerkern einzigartige und exklusive M\u00f6bel mit modernster Technologie und Maschinen, die es uns erm\u00f6glichen, nicht nur Qualit\u00e4ts- und Designprodukte zu erhalten, sondern auch einzigartige und funktionelle Elemente, die f\u00fcr den t\u00e4glichen Bedarf entwickelt wurden. Wachstum bedeutet f\u00fcr uns, neue L\u00f6sungen und Materialien vorzuschlagen, denn unsere Philosophie ist es, nicht nur f\u00fcr den Kunden, sondern mit dem Kunden zu entwerfen&#8220;. Unsere Mission ist es, das handwerkliche Know-how in einem modernen und vollst\u00e4ndig in Italien hergestellten Schl\u00fcssel wiederzuentdecken, wobei wir besonders auf die Auswahl umweltvertr\u00e4glicher Materialien und Verarbeitungen achten.  <\/p>\t\t\t\t\t\t\t\t<\/div>\n\t\t\t\t<\/div>\n\t\t\t\t\t<\/div>\n\t\t\t\t<\/div>\n\t\t<div class=\"elementor-element elementor-element-84a701e elementor-hidden-tablet elementor-hidden-mobile e-flex e-con-boxed lakit-col-width-auto-no e-container e-root-container elementor-top-section e-con e-parent\" data-id=\"84a701e\" data-element_type=\"container\" data-settings=\"{&quot;background_background&quot;:&quot;classic&quot;}\">\n\t\t\t\t\t<div class=\"e-con-inner\">\n\t\t<div class=\"elementor-element elementor-element-1d9ee9b e-flex e-con-boxed lakit-col-width-auto-no e-container e-con e-child\" data-id=\"1d9ee9b\" data-element_type=\"container\">\n\t\t\t\t\t<div class=\"e-con-inner\">\n\t\t\t\t<div class=\"elementor-element elementor-element-76e3e74 elementor-widget-divider--view-line elementor-widget elementor-widget-divider\" data-id=\"76e3e74\" data-element_type=\"widget\" data-widget_type=\"divider.default\">\n\t\t\t\t<div class=\"elementor-widget-container\">\n\t\t\t\t\t\t\t<div class=\"elementor-divider\">\n\t\t\t<span class=\"elementor-divider-separator\">\n\t\t\t\t\t\t<\/span>\n\t\t<\/div>\n\t\t\t\t\t\t<\/div>\n\t\t\t\t<\/div>\n\t\t\t\t<div class=\"elementor-element elementor-element-9498b68 elementor-widget elementor-widget-heading\" data-id=\"9498b68\" data-element_type=\"widget\" data-widget_type=\"heading.default\">\n\t\t\t\t<div class=\"elementor-widget-container\">\n\t\t\t\t\t<h2 class=\"elementor-heading-title elementor-size-default\">Erfahren Sie mehr<\/h2>\t\t\t\t<\/div>\n\t\t\t\t<\/div>\n\t\t<div class=\"elementor-element elementor-element-47e1f08 e-con-full e-flex lakit-col-width-auto-no e-container e-con e-child\" data-id=\"47e1f08\" data-element_type=\"container\">\n\t\t<div class=\"elementor-element elementor-element-f4289e3 e-grid e-con-full lakit-col-width-auto-no e-container e-con e-child\" data-id=\"f4289e3\" data-element_type=\"container\" data-settings=\"{&quot;background_background&quot;:&quot;classic&quot;}\">\n\t\t<div class=\"elementor-element elementor-element-eb047e6 e-con-full e-flex lakit-col-width-auto-no e-container e-con e-child\" data-id=\"eb047e6\" data-element_type=\"container\">\n\t\t\t\t<div class=\"elementor-element elementor-element-e43213f elementor-align-center elementor-widget lastudio-kit elementor-lakit-button\" data-id=\"e43213f\" data-element_type=\"widget\" data-widget_type=\"lakit-button.default\">\n\t\t\t\t\t        <a href=\"https:\/\/www.bordiniarredamenti.it\/de\/kollektionen\" class=\"elementor-button-link elementor-button elementor-btn-align-icon- elementor-size-md\" role=\"button\">\n                    <span class=\"elementor-button-content-wrapper\">\n\t\t\t\t\t\t<span class=\"elementor-button-text\">Kollektionen<\/span>\n\t\t<\/span>\n                <\/a>\n        \t\t\t\t<\/div>\n\t\t\t\t<\/div>\n\t\t<div class=\"elementor-element elementor-element-b0d03f7 e-flex e-con-boxed lakit-col-width-auto-no e-container e-con e-child\" data-id=\"b0d03f7\" data-element_type=\"container\">\n\t\t\t\t\t<div class=\"e-con-inner\">\n\t\t\t\t<div class=\"elementor-element elementor-element-f52add4 elementor-align-center elementor-widget lastudio-kit elementor-lakit-button\" data-id=\"f52add4\" data-element_type=\"widget\" data-widget_type=\"lakit-button.default\">\n\t\t\t\t\t        <a href=\"https:\/\/www.bordiniarredamenti.it\/de\/hospitality\" class=\"elementor-button-link elementor-button elementor-btn-align-icon- elementor-size-md\" role=\"button\">\n                    <span class=\"elementor-button-content-wrapper\">\n\t\t\t\t\t\t<span class=\"elementor-button-text\">Hospitality<\/span>\n\t\t<\/span>\n                <\/a>\n        \t\t\t\t<\/div>\n\t\t\t\t\t<\/div>\n\t\t\t\t<\/div>\n\t\t<div class=\"elementor-element elementor-element-0ec46a9 e-flex e-con-boxed lakit-col-width-auto-no e-container e-con e-child\" data-id=\"0ec46a9\" data-element_type=\"container\">\n\t\t\t\t\t<div class=\"e-con-inner\">\n\t\t\t\t<div class=\"elementor-element elementor-element-9ba6fec elementor-align-center elementor-widget lastudio-kit elementor-lakit-button\" data-id=\"9ba6fec\" data-element_type=\"widget\" data-widget_type=\"lakit-button.default\">\n\t\t\t\t\t        <a href=\"https:\/\/www.bordiniarredamenti.it\/de\/moebel-nach-mass\" class=\"elementor-button-link elementor-button elementor-btn-align-icon- elementor-size-md\" role=\"button\">\n                    <span class=\"elementor-button-content-wrapper\">\n\t\t\t\t\t\t<span class=\"elementor-button-text\">M\u00f6bel nach Ma\u00df<\/span>\n\t\t<\/span>\n                <\/a>\n        \t\t\t\t<\/div>\n\t\t\t\t\t<\/div>\n\t\t\t\t<\/div>\n\t\t\t\t<\/div>\n\t\t\t\t<\/div>\n\t\t\t\t\t<\/div>\n\t\t\t\t<\/div>\n\t\t\t\t\t<\/div>\n\t\t\t\t<\/div>\n\t\t<div class=\"elementor-element elementor-element-6a50e1d e-con-full elementor-hidden-desktop elementor-hidden-tablet e-flex lakit-col-width-auto-no e-container e-root-container elementor-top-section e-con e-parent\" data-id=\"6a50e1d\" data-element_type=\"container\" data-settings=\"{&quot;background_background&quot;:&quot;classic&quot;}\">\n\t\t<div class=\"elementor-element elementor-element-cfd23fc e-flex e-con-boxed lakit-col-width-auto-no e-container e-con e-child\" data-id=\"cfd23fc\" data-element_type=\"container\" data-settings=\"{&quot;background_background&quot;:&quot;classic&quot;}\">\n\t\t\t\t\t<div class=\"e-con-inner\">\n\t\t\t\t<div class=\"elementor-element elementor-element-f282e22 elementor-widget elementor-widget-image\" data-id=\"f282e22\" data-element_type=\"widget\" data-widget_type=\"image.default\">\n\t\t\t\t<div class=\"elementor-widget-container\">\n\t\t\t\t\t\t\t\t\t\t\t\t\t\t\t<img fetchpriority=\"high\" decoding=\"async\" width=\"1024\" height=\"1024\" src=\"https:\/\/www.bordiniarredamenti.it\/wp-content\/uploads\/2024\/08\/scarpello.jpeg\" class=\"attachment-large size-large wp-image-6846\" alt=\"\" \/>\t\t\t\t\t\t\t\t\t\t\t\t\t\t\t<\/div>\n\t\t\t\t<\/div>\n\t\t\t\t<div class=\"elementor-element elementor-element-db8f3f8 elementor-widget elementor-widget-heading\" data-id=\"db8f3f8\" data-element_type=\"widget\" data-settings=\"{&quot;_animation_mobile&quot;:&quot;zoomIn&quot;}\" data-widget_type=\"heading.default\">\n\t\t\t\t<div class=\"elementor-widget-container\">\n\t\t\t\t\t<h2 class=\"elementor-heading-title elementor-size-default\">Die Urspr\u00fcnge<\/h2>\t\t\t\t<\/div>\n\t\t\t\t<\/div>\n\t\t\t\t<div class=\"elementor-element elementor-element-4abbab3 elementor-widget elementor-widget-text-editor\" data-id=\"4abbab3\" data-element_type=\"widget\" data-widget_type=\"text-editor.default\">\n\t\t\t\t<div class=\"elementor-widget-container\">\n\t\t\t\t\t\t\t\t\t<p>Das 1974 von Sergio Bordini als Handwerksbetrieb gegr\u00fcndete Unternehmen Bordini Arredamenti begann seine Reise mit der Herstellung hochwertiger M\u00f6bel aus amerikanischem Kirschholz und Mahagoni f\u00fcr den franz\u00f6sischen und englischen Markt. Im Laufe der Jahre hat sich das Unternehmen dank der Zusammenarbeit mit gro\u00dfen Marken der Branche und Architekturb\u00fcros weiterentwickelt, seine handwerklichen F\u00e4higkeiten konsolidiert und seine Pr\u00e4senz in der Welt des Designs ausgebaut. <\/p><p>Seit 2015, mit dem Eintritt von Gianluca, hat die zweite Generation neue Ideen und ein erneuertes Engagement mitgebracht und die Leidenschaft f\u00fcr Holz und die Liebe zum Detail am Leben erhalten. Bordini Arredamenti hat seinen Sitz in Nogara, in der Provinz Verona, und verbindet traditionelle Handwerkskunst mit den modernsten Technologien, um ma\u00dfgefertigte und Design-M\u00f6bell\u00f6sungen f\u00fcr italienische und internationale Kunden anzubieten. <\/p>\t\t\t\t\t\t\t\t<\/div>\n\t\t\t\t<\/div>\n\t\t\t\t\t<\/div>\n\t\t\t\t<\/div>\n\t\t<div class=\"elementor-element elementor-element-f1805dc e-flex e-con-boxed lakit-col-width-auto-no e-container e-con e-child\" data-id=\"f1805dc\" data-element_type=\"container\" data-settings=\"{&quot;background_background&quot;:&quot;classic&quot;}\">\n\t\t\t\t\t<div class=\"e-con-inner\">\n\t\t\t\t<div class=\"elementor-element elementor-element-1a4cf4b elementor-widget elementor-widget-heading\" data-id=\"1a4cf4b\" data-element_type=\"widget\" data-settings=\"{&quot;_animation_mobile&quot;:&quot;zoomIn&quot;}\" data-widget_type=\"heading.default\">\n\t\t\t\t<div class=\"elementor-widget-container\">\n\t\t\t\t\t<h2 class=\"elementor-heading-title elementor-size-default\">UNSER UNTERNEHMEN<\/h2>\t\t\t\t<\/div>\n\t\t\t\t<\/div>\n\t\t\t\t<div class=\"elementor-element elementor-element-f8ca5f6 elementor-widget elementor-widget-video\" data-id=\"f8ca5f6\" data-element_type=\"widget\" data-settings=\"{&quot;video_type&quot;:&quot;hosted&quot;,&quot;autoplay&quot;:&quot;yes&quot;,&quot;play_on_mobile&quot;:&quot;yes&quot;}\" data-widget_type=\"video.default\">\n\t\t\t\t<div class=\"elementor-widget-container\">\n\t\t\t\t\t\t\t<div class=\"e-hosted-video elementor-wrapper elementor-open-inline\">\n\t\t\t\t\t<video class=\"elementor-video\" src=\"https:\/\/www.bordiniarredamenti.it\/wp-content\/uploads\/2024\/11\/Video-aziendale_horizontal.mp4\" autoplay=\"\" playsinline=\"\" controlsList=\"nodownload\"><\/video>\n\t\t\t\t<\/div>\n\t\t\t\t\t\t<\/div>\n\t\t\t\t<\/div>\n\t\t\t\t<div class=\"elementor-element elementor-element-b2ad880 elementor-widget elementor-widget-text-editor\" data-id=\"b2ad880\" data-element_type=\"widget\" data-widget_type=\"text-editor.default\">\n\t\t\t\t<div class=\"elementor-widget-container\">\n\t\t\t\t\t\t\t\t\t<p>Heute kreieren wir dank der Synergie unseres Teams aus erfahrenen Schreinern, Technikern und jungen Handwerkern einzigartige und exklusive M\u00f6bel mit modernster Technologie und Maschinen, die es uns erm\u00f6glichen, nicht nur Qualit\u00e4ts- und Designprodukte zu erhalten, sondern auch einzigartige und funktionelle Elemente, die f\u00fcr den t\u00e4glichen Bedarf entwickelt wurden. Wachstum bedeutet f\u00fcr uns, neue L\u00f6sungen und Materialien vorzuschlagen, denn unsere Philosophie ist es, nicht nur f\u00fcr den Kunden, sondern mit dem Kunden zu entwerfen&#8220;. Unsere Mission ist es, das handwerkliche Know-how in einem modernen und vollst\u00e4ndig in Italien hergestellten Schl\u00fcssel wiederzuentdecken, wobei wir besonders auf die Auswahl umweltvertr\u00e4glicher Materialien und Verarbeitungen achten.  <\/p>\t\t\t\t\t\t\t\t<\/div>\n\t\t\t\t<\/div>\n\t\t\t\t\t<\/div>\n\t\t\t\t<\/div>\n\t\t\t\t<\/div>\n\t\t<div class=\"elementor-element elementor-element-381e5d7 elementor-hidden-desktop e-flex e-con-boxed lakit-col-width-auto-no e-container e-root-container elementor-top-section e-con e-parent\" data-id=\"381e5d7\" data-element_type=\"container\" data-settings=\"{&quot;background_background&quot;:&quot;classic&quot;}\">\n\t\t\t\t\t<div class=\"e-con-inner\">\n\t\t\t\t<div class=\"elementor-element elementor-element-7de981c elementor-widget elementor-widget-heading\" data-id=\"7de981c\" data-element_type=\"widget\" data-settings=\"{&quot;_animation_mobile&quot;:&quot;zoomIn&quot;}\" data-widget_type=\"heading.default\">\n\t\t\t\t<div class=\"elementor-widget-container\">\n\t\t\t\t\t<h2 class=\"elementor-heading-title elementor-size-default\">Finden Sie mehr heraus<\/h2>\t\t\t\t<\/div>\n\t\t\t\t<\/div>\n\t\t<div class=\"elementor-element elementor-element-24fd6c0 e-con-full e-grid lakit-col-width-auto-no e-container e-con e-child\" data-id=\"24fd6c0\" data-element_type=\"container\">\n\t\t<div class=\"elementor-element elementor-element-4246285 e-con-full e-flex lakit-col-width-auto-no e-container e-con e-child\" data-id=\"4246285\" data-element_type=\"container\">\n\t\t\t\t<div class=\"elementor-element elementor-element-7afb3d8 elementor-mobile-align-center elementor-widget lastudio-kit elementor-lakit-button\" data-id=\"7afb3d8\" data-element_type=\"widget\" data-widget_type=\"lakit-button.default\">\n\t\t\t\t\t        <a href=\"https:\/\/www.bordiniarredamenti.it\/collezioni\/\" class=\"elementor-button-link elementor-button elementor-btn-align-icon- elementor-size-sm\" role=\"button\">\n                    <span class=\"elementor-button-content-wrapper\">\n\t\t\t\t\t\t<span class=\"elementor-button-text\">Kollektionen<\/span>\n\t\t<\/span>\n                <\/a>\n        \t\t\t\t<\/div>\n\t\t\t\t<\/div>\n\t\t<div class=\"elementor-element elementor-element-99264fa e-con-full e-flex lakit-col-width-auto-no e-container e-con e-child\" data-id=\"99264fa\" data-element_type=\"container\">\n\t\t\t\t<div class=\"elementor-element elementor-element-6199d42 elementor-mobile-align-center elementor-widget lastudio-kit elementor-lakit-button\" data-id=\"6199d42\" data-element_type=\"widget\" data-widget_type=\"lakit-button.default\">\n\t\t\t\t\t        <a href=\"https:\/\/www.bordiniarredamenti.it\/hospitality\/\" class=\"elementor-button-link elementor-button elementor-btn-align-icon- elementor-size-sm\" role=\"button\">\n                    <span class=\"elementor-button-content-wrapper\">\n\t\t\t\t\t\t<span class=\"elementor-button-text\">Hospitality<\/span>\n\t\t<\/span>\n                <\/a>\n        \t\t\t\t<\/div>\n\t\t\t\t<\/div>\n\t\t<div class=\"elementor-element elementor-element-7b2d196 e-con-full e-flex lakit-col-width-auto-no e-container e-con e-child\" data-id=\"7b2d196\" data-element_type=\"container\">\n\t\t\t\t<div class=\"elementor-element elementor-element-0b2c658 elementor-mobile-align-center elementor-widget lastudio-kit elementor-lakit-button\" data-id=\"0b2c658\" data-element_type=\"widget\" data-widget_type=\"lakit-button.default\">\n\t\t\t\t\t        <a href=\"https:\/\/www.bordiniarredamenti.it\/de\/moebel-nach-mass\" class=\"elementor-button-link elementor-button elementor-btn-align-icon- elementor-size-sm\" role=\"button\">\n                    <span class=\"elementor-button-content-wrapper\">\n\t\t\t\t\t\t<span class=\"elementor-button-text\">M\u00f6bel nach Ma\u00df<\/span>\n\t\t<\/span>\n                <\/a>\n        \t\t\t\t<\/div>\n\t\t\t\t<\/div>\n\t\t\t\t<\/div>\n\t\t\t\t\t<\/div>\n\t\t\t\t<\/div>\n\t\t\t\t<\/div>\n\t\t","protected":false},"excerpt":{"rendered":"<p>DIE URSPR\u00dcNGE Das 1974 von Sergio Bordini als Handwerksbetrieb gegr\u00fcndete Unternehmen Bordini Arredamenti begann seine Reise mit der Herstellung hochwertiger M\u00f6bel aus amerikanischem Kirschholz und Mahagoni f\u00fcr den franz\u00f6sischen und englischen Markt. Im Laufe der Jahre hat sich das Unternehmen dank der Zusammenarbeit mit gro\u00dfen Marken der Branche und Architekturb\u00fcros weiterentwickelt,&hellip;<\/p>\n","protected":false},"author":1,"featured_media":0,"parent":0,"menu_order":0,"comment_status":"closed","ping_status":"closed","template":"","meta":{"footnotes":""},"class_list":["post-6840","page","type-page","status-publish","hentry"],"_links":{"self":[{"href":"https:\/\/www.bordiniarredamenti.it\/de\/wp-json\/wp\/v2\/pages\/6840","targetHints":{"allow":["GET"]}}],"collection":[{"href":"https:\/\/www.bordiniarredamenti.it\/de\/wp-json\/wp\/v2\/pages"}],"about":[{"href":"https:\/\/www.bordiniarredamenti.it\/de\/wp-json\/wp\/v2\/types\/page"}],"author":[{"embeddable":true,"href":"https:\/\/www.bordiniarredamenti.it\/de\/wp-json\/wp\/v2\/users\/1"}],"replies":[{"embeddable":true,"href":"https:\/\/www.bordiniarredamenti.it\/de\/wp-json\/wp\/v2\/comments?post=6840"}],"version-history":[{"count":8,"href":"https:\/\/www.bordiniarredamenti.it\/de\/wp-json\/wp\/v2\/pages\/6840\/revisions"}],"predecessor-version":[{"id":7068,"href":"https:\/\/www.bordiniarredamenti.it\/de\/wp-json\/wp\/v2\/pages\/6840\/revisions\/7068"}],"wp:attachment":[{"href":"https:\/\/www.bordiniarredamenti.it\/de\/wp-json\/wp\/v2\/media?parent=6840"}],"curies":[{"name":"wp","href":"https:\/\/api.w.org\/{rel}","templated":true}]}}