{"id":6890,"date":"2024-07-27T14:19:59","date_gmt":"2024-07-27T14:19:59","guid":{"rendered":"https:\/\/www.bordiniarredamenti.it\/gastfreundschaft\/"},"modified":"2025-08-23T12:21:47","modified_gmt":"2025-08-23T12:21:47","slug":"hospitality","status":"publish","type":"page","link":"https:\/\/www.bordiniarredamenti.it\/de\/hospitality\/","title":{"rendered":"Hospitality"},"content":{"rendered":"\t\t<div data-elementor-type=\"wp-page\" data-elementor-id=\"6890\" class=\"elementor elementor-6890 elementor-3676\">\n\t\t\t\t<div class=\"elementor-element elementor-element-4a1c501 e-flex e-con-boxed lakit-col-width-auto-no e-container e-root-container elementor-top-section e-con e-parent\" data-id=\"4a1c501\" data-element_type=\"container\" data-settings=\"{&quot;background_background&quot;:&quot;classic&quot;}\">\n\t\t\t\t\t<div class=\"e-con-inner\">\n\t\t\t\t<div class=\"elementor-element elementor-element-dd892b4 elementor-widget elementor-widget-heading\" data-id=\"dd892b4\" data-element_type=\"widget\" data-widget_type=\"heading.default\">\n\t\t\t\t<div class=\"elementor-widget-container\">\n\t\t\t\t\t<h2 class=\"elementor-heading-title elementor-size-default\">Hospitality<\/h2>\t\t\t\t<\/div>\n\t\t\t\t<\/div>\n\t\t\t\t<div class=\"elementor-element elementor-element-7a60ff6 elementor-widget elementor-widget-heading\" data-id=\"7a60ff6\" data-element_type=\"widget\" data-settings=\"{&quot;motion_fx_motion_fx_scrolling&quot;:&quot;yes&quot;,&quot;motion_fx_opacity_effect&quot;:&quot;yes&quot;,&quot;motion_fx_opacity_direction&quot;:&quot;out-in-out&quot;,&quot;motion_fx_opacity_range&quot;:{&quot;unit&quot;:&quot;%&quot;,&quot;size&quot;:&quot;&quot;,&quot;sizes&quot;:{&quot;start&quot;:5,&quot;end&quot;:100}},&quot;motion_fx_range&quot;:&quot;page&quot;,&quot;motion_fx_opacity_level&quot;:{&quot;unit&quot;:&quot;px&quot;,&quot;size&quot;:10,&quot;sizes&quot;:[]},&quot;motion_fx_devices&quot;:[&quot;mobile&quot;,&quot;tablet&quot;,&quot;desktop&quot;]}\" data-widget_type=\"heading.default\">\n\t\t\t\t<div class=\"elementor-widget-container\">\n\t\t\t\t\t<h2 class=\"elementor-heading-title elementor-size-default\">F\u00fcr Sie entworfen<\/h2>\t\t\t\t<\/div>\n\t\t\t\t<\/div>\n\t\t\t\t<div class=\"elementor-element elementor-element-e29ca07 elementor-widget__width-initial elementor-widget elementor-widget-text-editor\" data-id=\"e29ca07\" data-element_type=\"widget\" data-widget_type=\"text-editor.default\">\n\t\t\t\t<div class=\"elementor-widget-container\">\n\t\t\t\t\t\t\t\t\t<p class=\"p1\">Verwandeln Sie Ihre R\u00e4ume mit ma\u00dfgeschneiderten M\u00f6bell\u00f6sungen, die speziell f\u00fcr Hotels, Restaurants und Gesch\u00e4ftsr\u00e4ume wie Bars, Optiker, Weinkeller und Einzelhandelsgesch\u00e4fte entwickelt wurden. Entdecken Sie unser umfangreiches Sortiment, das optimal auf die Anforderungen der Hospitality-Branche abgestimmt ist. Kontaktieren Sie uns f\u00fcr eine pers\u00f6nliche Beratung und profitieren Sie von den exklusiven Vorteilen, die ausschlie\u00dflich Fachleuten vorbehalten sind.  <\/p>\t\t\t\t\t\t\t\t<\/div>\n\t\t\t\t<\/div>\n\t\t\t\t<div class=\"elementor-element elementor-element-1abe95e elementor-align-center elementor-widget lastudio-kit elementor-lakit-button\" data-id=\"1abe95e\" data-element_type=\"widget\" data-widget_type=\"lakit-button.default\">\n\t\t\t\t\t        <a href=\"https:\/\/www.bordiniarredamenti.it\/contatti\/\" class=\"elementor-button-link elementor-button elementor-btn-align-icon- elementor-size-md\" role=\"button\">\n                    <span class=\"elementor-button-content-wrapper\">\n\t\t\t\t\t\t<span class=\"elementor-button-text\">Kontaktieren Sie uns<\/span>\n\t\t<\/span>\n                <\/a>\n        \t\t\t\t<\/div>\n\t\t\t\t\t<\/div>\n\t\t\t\t<\/div>\n\t\t\t\t<\/div>\n\t\t","protected":false},"excerpt":{"rendered":"<p>Hospitality F\u00fcr Sie entworfen Verwandeln Sie Ihre R\u00e4ume mit ma\u00dfgeschneiderten M\u00f6bell\u00f6sungen, die speziell f\u00fcr Hotels, Restaurants und Gesch\u00e4ftsr\u00e4ume wie Bars, Optiker, Weinkeller und Einzelhandelsgesch\u00e4fte entwickelt wurden. Entdecken Sie unser umfangreiches Sortiment, das optimal auf die Anforderungen der Hospitality-Branche abgestimmt ist. Kontaktieren Sie uns f\u00fcr eine pers\u00f6nliche Beratung und profitieren Sie von&hellip;<\/p>\n","protected":false},"author":1,"featured_media":0,"parent":0,"menu_order":0,"comment_status":"closed","ping_status":"closed","template":"","meta":{"footnotes":""},"class_list":["post-6890","page","type-page","status-publish","hentry"],"_links":{"self":[{"href":"https:\/\/www.bordiniarredamenti.it\/de\/wp-json\/wp\/v2\/pages\/6890","targetHints":{"allow":["GET"]}}],"collection":[{"href":"https:\/\/www.bordiniarredamenti.it\/de\/wp-json\/wp\/v2\/pages"}],"about":[{"href":"https:\/\/www.bordiniarredamenti.it\/de\/wp-json\/wp\/v2\/types\/page"}],"author":[{"embeddable":true,"href":"https:\/\/www.bordiniarredamenti.it\/de\/wp-json\/wp\/v2\/users\/1"}],"replies":[{"embeddable":true,"href":"https:\/\/www.bordiniarredamenti.it\/de\/wp-json\/wp\/v2\/comments?post=6890"}],"version-history":[{"count":4,"href":"https:\/\/www.bordiniarredamenti.it\/de\/wp-json\/wp\/v2\/pages\/6890\/revisions"}],"predecessor-version":[{"id":7030,"href":"https:\/\/www.bordiniarredamenti.it\/de\/wp-json\/wp\/v2\/pages\/6890\/revisions\/7030"}],"wp:attachment":[{"href":"https:\/\/www.bordiniarredamenti.it\/de\/wp-json\/wp\/v2\/media?parent=6890"}],"curies":[{"name":"wp","href":"https:\/\/api.w.org\/{rel}","templated":true}]}}