{"id":6898,"date":"2024-11-02T13:54:01","date_gmt":"2024-11-02T13:54:01","guid":{"rendered":"https:\/\/www.bordiniarredamenti.it\/datenschutzbestimmungen\/"},"modified":"2025-08-23T10:19:53","modified_gmt":"2025-08-23T10:19:53","slug":"datenschutzbestimmungen","status":"publish","type":"page","link":"https:\/\/www.bordiniarredamenti.it\/de\/datenschutzbestimmungen\/","title":{"rendered":"Datenschutzbestimmungen"},"content":{"rendered":"\t\t<div data-elementor-type=\"wp-page\" data-elementor-id=\"6898\" class=\"elementor elementor-6898 elementor-4969\">\n\t\t\t\t<div class=\"elementor-element elementor-element-58c62a10 e-flex e-con-boxed lakit-col-width-auto-no e-container e-root-container elementor-top-section e-con e-parent\" data-id=\"58c62a10\" data-element_type=\"container\">\n\t\t\t\t\t<div class=\"e-con-inner\">\n\t\t\t\t<div class=\"elementor-element elementor-element-5e3280db elementor-widget elementor-widget-text-editor\" data-id=\"5e3280db\" data-element_type=\"widget\" data-widget_type=\"text-editor.default\">\n\t\t\t\t<div class=\"elementor-widget-container\">\n\t\t\t\t\t\t\t\t\t<p><strong>INFORMATIONEN \u00dcBER DIE VERARBEITUNG VON PERSONENBEZOGENEN DATEN<\/strong><\/p>\n<p>der Benutzer, die die Website von Bordini Arredamenti s.r.l. besuchen.<\/p>\n<p>gem\u00e4\u00df Artikel 13 der Verordnung (EU) 2016\/679<\/p>\n<p>WARUM DIESE INFORMATIONEN<\/p>\n<p>Gem\u00e4\u00df der Verordnung (EU) 2016\/679 (im Folgenden als &#8222;Verordnung&#8220; bezeichnet) beschreibt diese Seite die Modalit\u00e4ten f\u00fcr die Verarbeitung der personenbezogenen Daten der Nutzer, die die Website von Bordini Arredamenti s.r.l. konsultieren, die unter der folgenden Adresse elektronisch zug\u00e4nglich ist:<\/p>\n<p>www.bordiniarredamenti.it<\/p>\n<p>Die vorliegenden Informationen beziehen sich nicht auf andere Websites, Seiten oder Online-Dienste, die \u00fcber eventuell auf den Websites ver\u00f6ffentlichte Hypertext-Links erreicht werden k\u00f6nnen, die jedoch auf Ressourcen au\u00dferhalb des Bereichs von Bordini Arredamenti verweisen.<\/p>\n<p>DATENKONTROLLEUR<\/p>\n<p>Im Anschluss an die Konsultation der oben genannten Website k\u00f6nnen Daten verarbeitet werden, die sich auf identifizierte oder identifizierbare nat\u00fcrliche Personen beziehen.<\/p>\n<p>Der Inhaber der Datenverarbeitung ist Bordini Arredamenti s.r.l., mit Sitz in Via XXV Aprile, 51 &#8211; 37053 &#8211; Cerea (Verona) und Produktionsst\u00e4tte in Via Molino di Sopra, 31 &#8211; 37054 &#8211; Nogara (VR) (E-Mail: info@bordiniarredamenti.it, PEC: bordiniarredamenti@pec.it, Telefon +39.0442.88.365).<\/p>\n<p>DATENSCHUTZBEAUFTRAGTER<\/p>\n<p>Der Datenschutzbeauftragte (DSB) ist unter der folgenden Adresse zu erreichen: Bordini Arredamenti s.r.l. &#8211; Via Molino di Sopra, 31 &#8211; 37054 &#8211; Nogara (E-Mail: info@bordiniarredamenti.it).<\/p>\n<p>RECHTSGRUNDLAGE F\u00dcR DIE VERARBEITUNG<\/p>\n<p>Die auf dieser Seite angegebenen personenbezogenen Daten werden von Bordini Arredamenti s.r.l. im Rahmen der Aus\u00fcbung ihrer T\u00e4tigkeit und gem\u00e4\u00df ihrer Satzung verarbeitet.<\/p>\n<p>ARTEN DER VERARBEITETEN DATEN UND ZWECKE DER VERARBEITUNG<\/p>\n<p>Navigationsdaten<\/p>\n<p>Die Computersysteme und Softwareverfahren, die f\u00fcr den Betrieb dieser Website verwendet werden, erfassen im Rahmen ihres normalen Betriebs bestimmte personenbezogene Daten, deren \u00dcbermittlung durch die Verwendung von Internet-Kommunikationsprotokollen impliziert ist.<\/p>\n<p>Zu dieser Datenkategorie geh\u00f6ren die IP-Adressen oder Dom\u00e4nennamen der von den Nutzern verwendeten Computer und Terminals, die URI\/URL-Adressen (Uniform Resource Identifier\/Locator) der angeforderten Ressourcen, die Uhrzeit der Anfrage, die zur \u00dcbermittlung der Anfrage an den Server verwendete Methode, die Gr\u00f6\u00dfe der als Antwort erhaltenen Datei, der numerische Code, der den Status der vom Server gegebenen Antwort angibt (erfolgreich, Fehler usw.), sowie andere Parameter, die sich auf das Betriebssystem und die Computerumgebung des Nutzers beziehen.<\/p>\n<p>Diese Daten, die f\u00fcr die Nutzung der Webdienste erforderlich sind, werden auch zum Zweck der:<\/p>\n<p>statistische Informationen \u00fcber die Nutzung der Dienste zu erhalten (meistbesuchte Seiten, Anzahl der Besucher pro Zeitfenster oder pro Tag, geografische Herkunftsgebiete usw.);<br>das ordnungsgem\u00e4\u00dfe Funktionieren der angebotenen Dienste zu \u00fcberpr\u00fcfen.<\/p>\n<p>Vom Benutzer \u00fcbermittelte Daten<\/p>\n<p>Das fakultative, ausdr\u00fcckliche und freiwillige Versenden von Nachrichten an die Kontaktadressen von Bordini Arredamenti sowie das Ausf\u00fcllen und Weiterleiten der Formulare auf der Website www.bordiniarredamenti.it implizieren die Erfassung der Kontaktdaten des Absenders, die f\u00fcr eine Antwort erforderlich sind, sowie aller in der Mitteilung enthaltenen personenbezogenen Daten.<\/p>\n<p>Cookies und andere Tracking-Systeme<\/p>\n<p>Es werden weder Cookies zur Erstellung von Nutzerprofilen noch andere Tracking-Methoden verwendet.<\/p>\n<p>Stattdessen werden Sitzungscookies (nicht persistente Cookies) verwendet, die streng auf das beschr\u00e4nkt sind, was f\u00fcr die sichere und effiziente Navigation auf den Websites erforderlich ist. Die Speicherung von Session-Cookies in Terminals oder Browsern unterliegt der Kontrolle des Nutzers, w\u00e4hrend auf den Servern am Ende der HTTP-Sitzungen Informationen \u00fcber die Cookies in den Serviceprotokollen gespeichert bleiben. Die Dauer der Zustimmung des Benutzers zum Surfen auf der Website ist auf 365 Tage festgelegt und auf das jeweilige Endger\u00e4t und den jeweiligen Browser beschr\u00e4nkt. Danach wird dem Benutzer eine neue Zustimmung vorgeschlagen.  <\/p>\n<p>Cookies von Dritten<\/p>\n<p>Um statistische Informationen \u00fcber die Nutzung der Dienste zu erhalten (meistbesuchte Seiten, Anzahl der Besucher pro Stunde oder pro Tag, geografische Herkunftsgebiete usw.) und um zu verstehen, welche Teile oder Elemente von den Nutzern am meisten gesch\u00e4tzt werden, werden Cookies von Drittanbietern (Aruba und Google Analytics) als anonymes und aggregiertes Analyseinstrument verwendet. Bei diesen Cookies handelt es sich nicht um unsere eigenen Tools. F\u00fcr weitere Informationen k\u00f6nnen Sie die Informationen und Einverst\u00e4ndniserkl\u00e4rungen der Drittanbieter aufrufen, indem Sie auf die unten stehenden Links klicken: <\/p>\n<ul>\n<li><a href=\"https:\/\/www.serverplan.com\/about-us\/privacy\">https:\/\/www.serverplan.com\/about-us\/politica-per-i-cookie<\/a><\/li>\n<li><a href=\"https:\/\/policies.google.com\/technologies\/partner-sites?hl=it\">https:\/\/policies.google.com\/technologies\/partner-sites?hl=it<\/a><\/li>\n<li><a href=\"https:\/\/www.facebook.com\/policies\/cookies\/\">https:\/\/www.facebook.com\/policies\/cookies\/<\/a><\/li>\n<li><a href=\"https:\/\/help.instagram.com\/402411646841720\">https:\/\/help.instagram.com\/402411646841720<\/a><\/li>\n<li><a href=\"https:\/\/www.linkedin.com\/legal\/cookie-policy?trk=%7Berror-page%7D-cookie-policy\">https:\/\/help.x.com\/it\/rules-and-policies\/x-cookies<\/a><\/li>\n<li><a href=\"https:\/\/www.linkedin.com\/legal\/cookie-policy?trk=%7Berror-page%7D-cookie-policy\">https:\/\/www.linkedin.com\/legal\/cookie-policy?trk=%7Berror-page%7D-cookie-policy<\/a><\/li>\n<\/ul>\n<p>EMPF\u00c4NGER DER DATEN<\/p>\n<p>Die gesammelten personenbezogenen Daten werden von den Mitarbeitern von Bordini Arredamenti s.r.l. verarbeitet, die auf der Grundlage von spezifischen Anweisungen bez\u00fcglich der Zwecke und Methoden der Verarbeitung handeln.<\/p>\n<p>RECHTE DER BETROFFENEN PARTEIEN<\/p>\n<p>Die Betroffenen haben das Recht, von Bordini Arredamenti s.r.l. in den vorgesehenen F\u00e4llen Zugang zu ihren personenbezogenen Daten und deren Berichtigung oder L\u00f6schung oder die Einschr\u00e4nkung der sie betreffenden Verarbeitung zu erhalten oder der Verarbeitung zu widersprechen (Art. 15 ff. der Verordnung).<\/p>\n<p>Der Benutzer kann die L\u00f6schung seiner pers\u00f6nlichen Daten \u00fcber die Schaltfl\u00e4che unten auf dieser Seite beantragen.<\/p>\n<p>Sie k\u00f6nnen auch eine spezifische Anfrage an Bordini Arredamenti s.r.l. richten, indem Sie sich an den Datenschutzbeauftragten von Bordini Arredamenti s.r.l. mit Sitz in Via XXV Aprile, 51 &#8211; 37053 &#8211; Cerea (Verona) und Produktionsst\u00e4tte in Via Molino di Sopra, 31 &#8211; 37054 &#8211; Nogara (VR) wenden (E-Mail: info@bordiniarredamenti.it, PEC: bordiniarredamenti@pec.it).<\/p>\n<p>BESCHWERDERECHT<\/p>\n<p>Betroffene Personen, die der Meinung sind, dass die Verarbeitung ihrer personenbezogenen Daten \u00fcber diese Website gegen die Bestimmungen der Verordnung verst\u00f6\u00dft, haben das Recht, sich bei Bordini Arredamenti s.r.l. zu beschweren, wie in Art. 77 der Verordnung vorgesehen, oder rechtliche Schritte einzuleiten (Art. 79 der Verordnung). <\/p>\n<p style=\"text-align: center;\"> <\/p>\n<p><\/p>\t\t\t\t\t\t\t\t<\/div>\n\t\t\t\t<\/div>\n\t\t\t\t\t<\/div>\n\t\t\t\t<\/div>\n\t\t\t\t<\/div>\n\t\t","protected":false},"excerpt":{"rendered":"<p>INFORMATIONEN \u00dcBER DIE VERARBEITUNG VON PERSONENBEZOGENEN DATEN der Benutzer, die die Website von Bordini Arredamenti s.r.l. besuchen. gem\u00e4\u00df Artikel 13 der Verordnung (EU) 2016\/679 WARUM DIESE INFORMATIONEN Gem\u00e4\u00df der Verordnung (EU) 2016\/679 (im Folgenden als &#8222;Verordnung&#8220; bezeichnet) beschreibt diese Seite die Modalit\u00e4ten f\u00fcr die Verarbeitung der personenbezogenen Daten der Nutzer, die&hellip;<\/p>\n","protected":false},"author":1,"featured_media":0,"parent":0,"menu_order":0,"comment_status":"closed","ping_status":"closed","template":"","meta":{"footnotes":""},"class_list":["post-6898","page","type-page","status-publish","hentry"],"_links":{"self":[{"href":"https:\/\/www.bordiniarredamenti.it\/de\/wp-json\/wp\/v2\/pages\/6898","targetHints":{"allow":["GET"]}}],"collection":[{"href":"https:\/\/www.bordiniarredamenti.it\/de\/wp-json\/wp\/v2\/pages"}],"about":[{"href":"https:\/\/www.bordiniarredamenti.it\/de\/wp-json\/wp\/v2\/types\/page"}],"author":[{"embeddable":true,"href":"https:\/\/www.bordiniarredamenti.it\/de\/wp-json\/wp\/v2\/users\/1"}],"replies":[{"embeddable":true,"href":"https:\/\/www.bordiniarredamenti.it\/de\/wp-json\/wp\/v2\/comments?post=6898"}],"version-history":[{"count":1,"href":"https:\/\/www.bordiniarredamenti.it\/de\/wp-json\/wp\/v2\/pages\/6898\/revisions"}],"predecessor-version":[{"id":6899,"href":"https:\/\/www.bordiniarredamenti.it\/de\/wp-json\/wp\/v2\/pages\/6898\/revisions\/6899"}],"wp:attachment":[{"href":"https:\/\/www.bordiniarredamenti.it\/de\/wp-json\/wp\/v2\/media?parent=6898"}],"curies":[{"name":"wp","href":"https:\/\/api.w.org\/{rel}","templated":true}]}}